{"id":29,"date":"2015-09-19T07:44:07","date_gmt":"2015-09-19T07:44:07","guid":{"rendered":"http:\/\/www.xn--bagaregrden-38a.se\/?page_id=29"},"modified":"2015-10-22T11:46:52","modified_gmt":"2015-10-22T11:46:52","slug":"29-2","status":"publish","type":"page","link":"https:\/\/www.xn--bagaregrden-38a.se\/","title":{"rendered":"Bagareg\u00e5rdsskolan"},"content":{"rendered":"<p>&nbsp;<\/p>\n<p><img loading=\"lazy\" decoding=\"async\" class=\"size-medium wp-image-30 alignright\" src=\"http:\/\/www.xn--bagaregrden-38a.se\/wp-content\/uploads\/2015\/09\/Bagareg\u00e5rdsskolan-300x225.jpg\" alt=\"Bagareg\u00e5rdsskolan\" width=\"300\" height=\"225\" srcset=\"https:\/\/www.xn--bagaregrden-38a.se\/wp-content\/uploads\/2015\/09\/Bagareg\u00e5rdsskolan-300x225.jpg 300w, https:\/\/www.xn--bagaregrden-38a.se\/wp-content\/uploads\/2015\/09\/Bagareg\u00e5rdsskolan.jpg 640w\" sizes=\"auto, (max-width: 300px) 100vw, 300px\" \/><\/p>\n<p>En\u00a0grundskola\u00a0som \u00e4r definitionen av en &#8220;bullerbyskola&#8221; mitt i staden G\u00f6teborg.<\/p>\n<p>Fantastiska pedagoger och en helt underbar milj\u00f6 f\u00f6r v\u00e5ra \u00e4lskade barn Avdelningarna t\u00e5rtan, semlan och kringlan.<\/p>\n<p>Skolan ritades av\u00a0Johan Jarl\u00e9n\u00a0(1880-1955), och stod klar i april 1918. Den best\u00e5r av en vinklad l\u00e4nga med korridor mot en s\u00f6derv\u00e4nd g\u00e5rd och klassrum mot norr. Utsidans sockelv\u00e5ning<br \/>\n\u00e4r i rustik gr\u00e5sten, ett\u00a0nationalromantiskt\u00a0drag liksom den breda, bruna fasadpanelen och vindf\u00e5ngens robusta\u00a0portiker. Det utsv\u00e4ngda, branta tegeltaket \u00e4r\u00a0valmat\u00a0\u00f6ver de breda gavelfasaderna och kr\u00f6ns med ett sirligt klocktorn som pekar fram\u00e5t mot\u00a0tjugotalsklassicismen. De tre entr\u00e9erna ramas in av\u00a0kolonner.<\/p>\n<p>De<img loading=\"lazy\" decoding=\"async\" class=\"size-medium wp-image-31 alignright\" src=\"http:\/\/www.xn--bagaregrden-38a.se\/wp-content\/uploads\/2015\/09\/Screen-Shot-2015-09-19-at-09.42.16-300x300.png\" alt=\"Screen Shot 2015-09-19 at 09.42.16\" width=\"300\" height=\"300\" srcset=\"https:\/\/www.xn--bagaregrden-38a.se\/wp-content\/uploads\/2015\/09\/Screen-Shot-2015-09-19-at-09.42.16-300x300.png 300w, https:\/\/www.xn--bagaregrden-38a.se\/wp-content\/uploads\/2015\/09\/Screen-Shot-2015-09-19-at-09.42.16-150x150.png 150w, https:\/\/www.xn--bagaregrden-38a.se\/wp-content\/uploads\/2015\/09\/Screen-Shot-2015-09-19-at-09.42.16.png 422w\" sizes=\"auto, (max-width: 300px) 100vw, 300px\" \/>t \u00e4r en av\u00a0G\u00f6teborgs kommuns\u00a0f\u00e5 bevarade skolor byggd i tr\u00e4[ och \u00e4r stadens enda som \u00e4r byggd i\u00a0nationalromantisk stil.<\/p>\n<p>Skolan kom att kallas f\u00f6r\u00a0Lag\u00e5r&#8217;n\u00a0av barnen.<\/p>\n<p>&nbsp;<\/p>\n<p><a href=\"http:\/\/www.xn--bagaregrden-38a.se\/wp-content\/uploads\/2015\/09\/bagaregc3a5rsdskolan-3.jpg\"><img loading=\"lazy\" decoding=\"async\" class=\"alignnone wp-image-44 size-large\" src=\"http:\/\/www.xn--bagaregrden-38a.se\/wp-content\/uploads\/2015\/09\/bagaregc3a5rsdskolan-3-1024x680.jpg\" alt=\"bagaregc3a5rsdskolan-3\" width=\"474\" height=\"315\" srcset=\"https:\/\/www.xn--bagaregrden-38a.se\/wp-content\/uploads\/2015\/09\/bagaregc3a5rsdskolan-3-1024x680.jpg 1024w, https:\/\/www.xn--bagaregrden-38a.se\/wp-content\/uploads\/2015\/09\/bagaregc3a5rsdskolan-3-300x199.jpg 300w\" sizes=\"auto, (max-width: 474px) 100vw, 474px\" \/><\/a><br \/>\n<a href=\"http:\/\/www.xn--bagaregrden-38a.se\/wp-content\/uploads\/2015\/09\/image.jpg.png\"><br \/>\n<img loading=\"lazy\" decoding=\"async\" class=\"alignnone wp-image-46 size-full\" src=\"http:\/\/www.xn--bagaregrden-38a.se\/wp-content\/uploads\/2015\/09\/image.jpg.png\" alt=\"image.jpg\" width=\"702\" height=\"427\" srcset=\"https:\/\/www.xn--bagaregrden-38a.se\/wp-content\/uploads\/2015\/09\/image.jpg.png 702w, https:\/\/www.xn--bagaregrden-38a.se\/wp-content\/uploads\/2015\/09\/image.jpg-300x182.png 300w\" sizes=\"auto, (max-width: 702px) 100vw, 702px\" \/><img loading=\"lazy\" decoding=\"async\" class=\"alignnone wp-image-47 size-full\" src=\"http:\/\/www.xn--bagaregrden-38a.se\/wp-content\/uploads\/2015\/09\/5588036.jpg\" alt=\"5588036\" width=\"814\" height=\"550\" srcset=\"https:\/\/www.xn--bagaregrden-38a.se\/wp-content\/uploads\/2015\/09\/5588036.jpg 814w, https:\/\/www.xn--bagaregrden-38a.se\/wp-content\/uploads\/2015\/09\/5588036-300x203.jpg 300w\" sizes=\"auto, (max-width: 814px) 100vw, 814px\" \/><\/a><\/p>\n<p><a href=\"http:\/\/www.xn--bagaregrden-38a.se\/wp-content\/uploads\/2015\/09\/bagaregc3a5rdsskolan-21.jpg\"><img loading=\"lazy\" decoding=\"async\" class=\"alignnone wp-image-51 size-full\" src=\"http:\/\/www.xn--bagaregrden-38a.se\/wp-content\/uploads\/2015\/09\/bagaregc3a5rdsskolan-21.jpg\" alt=\"bagaregc3a5rdsskolan-2\" width=\"700\" height=\"525\" srcset=\"https:\/\/www.xn--bagaregrden-38a.se\/wp-content\/uploads\/2015\/09\/bagaregc3a5rdsskolan-21.jpg 700w, https:\/\/www.xn--bagaregrden-38a.se\/wp-content\/uploads\/2015\/09\/bagaregc3a5rdsskolan-21-300x225.jpg 300w\" sizes=\"auto, (max-width: 700px) 100vw, 700px\" \/><\/a><\/p>\n","protected":false},"excerpt":{"rendered":"<p>&nbsp; En\u00a0grundskola\u00a0som \u00e4r definitionen av en &#8220;bullerbyskola&#8221; mitt i staden G\u00f6teborg. Fantastiska pedagoger och en helt underbar milj\u00f6 f\u00f6r v\u00e5ra \u00e4lskade barn Avdelningarna t\u00e5rtan, semlan och kringlan. Skolan ritades av\u00a0Johan Jarl\u00e9n\u00a0(1880-1955), och stod klar i april 1918. Den best\u00e5r av en vinklad l\u00e4nga med korridor mot en s\u00f6derv\u00e4nd g\u00e5rd och klassrum mot norr. Utsidans sockelv\u00e5ning &hellip; <a href=\"https:\/\/www.xn--bagaregrden-38a.se\/\" class=\"more-link\">Continue reading <span class=\"screen-reader-text\">Bagareg\u00e5rdsskolan<\/span> <span class=\"meta-nav\">&rarr;<\/span><\/a><\/p>\n","protected":false},"author":1,"featured_media":0,"parent":0,"menu_order":0,"comment_status":"closed","ping_status":"closed","template":"","meta":{"footnotes":""},"class_list":["post-29","page","type-page","status-publish","hentry"],"_links":{"self":[{"href":"https:\/\/www.xn--bagaregrden-38a.se\/index.php?rest_route=\/wp\/v2\/pages\/29","targetHints":{"allow":["GET"]}}],"collection":[{"href":"https:\/\/www.xn--bagaregrden-38a.se\/index.php?rest_route=\/wp\/v2\/pages"}],"about":[{"href":"https:\/\/www.xn--bagaregrden-38a.se\/index.php?rest_route=\/wp\/v2\/types\/page"}],"author":[{"embeddable":true,"href":"https:\/\/www.xn--bagaregrden-38a.se\/index.php?rest_route=\/wp\/v2\/users\/1"}],"replies":[{"embeddable":true,"href":"https:\/\/www.xn--bagaregrden-38a.se\/index.php?rest_route=%2Fwp%2Fv2%2Fcomments&post=29"}],"version-history":[{"count":8,"href":"https:\/\/www.xn--bagaregrden-38a.se\/index.php?rest_route=\/wp\/v2\/pages\/29\/revisions"}],"predecessor-version":[{"id":52,"href":"https:\/\/www.xn--bagaregrden-38a.se\/index.php?rest_route=\/wp\/v2\/pages\/29\/revisions\/52"}],"wp:attachment":[{"href":"https:\/\/www.xn--bagaregrden-38a.se\/index.php?rest_route=%2Fwp%2Fv2%2Fmedia&parent=29"}],"curies":[{"name":"wp","href":"https:\/\/api.w.org\/{rel}","templated":true}]}}